{"id":7765,"date":"2023-05-30T10:53:41","date_gmt":"2023-05-30T10:53:41","guid":{"rendered":"https:\/\/thisactingcoach.com\/?post_type=product&#038;p=7765"},"modified":"2023-12-30T23:42:19","modified_gmt":"2023-12-30T23:42:19","slug":"castings-self-tapes","status":"publish","type":"product","link":"https:\/\/thisactingcoach.com\/es\/castings-self-tapes\/","title":{"rendered":"CASTINGS &#038; SELF-TAPES"},"content":{"rendered":"","protected":false},"excerpt":{"rendered":"<div class=\"elementor-element elementor-element-ea2cfdc elementor-widget__width-initial elementor-widget-mobile__width-initial elementor-widget elementor-widget-text-editor\" data-id=\"ea2cfdc\" data-element_type=\"widget\" data-widget_type=\"text-editor.default\">\n<div class=\"elementor-widget-container\">\n<p>Cada casting es una oportunidad para practicar tus habilidades mientras revelas tu esencia como artista, para causar una impresi\u00f3n y que te recuerden, ahora y para oportunidades futuras. \u00a1No lo dejes al azar! \u00a1Recibe ayuda y aseg\u00farate de dar siempre lo mejor de ti! Javier te ayudar\u00e1 a que as\u00ed sea.<\/p>\n<\/div>\n<\/div>\n<div class=\"elementor-element elementor-element-65b323c elementor-align-center elementor-widget elementor-widget-button\" data-id=\"65b323c\" data-element_type=\"widget\" data-widget_type=\"button.default\">\n<div class=\"elementor-widget-container\">\n<div class=\"elementor-button-wrapper\"><\/div>\n<\/div>\n<\/div>","protected":false},"featured_media":7621,"template":"","meta":[],"product_brand":[],"product_cat":[160],"product_tag":[],"class_list":{"0":"post-7765","1":"product","2":"type-product","3":"status-publish","4":"has-post-thumbnail","6":"product_cat-private-coaching","8":"first","9":"instock","10":"shipping-taxable","11":"purchasable","12":"product-type-variable"},"_links":{"self":[{"href":"https:\/\/thisactingcoach.com\/es\/wp-json\/wp\/v2\/product\/7765","targetHints":{"allow":["GET"]}}],"collection":[{"href":"https:\/\/thisactingcoach.com\/es\/wp-json\/wp\/v2\/product"}],"about":[{"href":"https:\/\/thisactingcoach.com\/es\/wp-json\/wp\/v2\/types\/product"}],"wp:featuredmedia":[{"embeddable":true,"href":"https:\/\/thisactingcoach.com\/es\/wp-json\/wp\/v2\/media\/7621"}],"wp:attachment":[{"href":"https:\/\/thisactingcoach.com\/es\/wp-json\/wp\/v2\/media?parent=7765"}],"wp:term":[{"taxonomy":"product_brand","embeddable":true,"href":"https:\/\/thisactingcoach.com\/es\/wp-json\/wp\/v2\/product_brand?post=7765"},{"taxonomy":"product_cat","embeddable":true,"href":"https:\/\/thisactingcoach.com\/es\/wp-json\/wp\/v2\/product_cat?post=7765"},{"taxonomy":"product_tag","embeddable":true,"href":"https:\/\/thisactingcoach.com\/es\/wp-json\/wp\/v2\/product_tag?post=7765"}],"curies":[{"name":"wp","href":"https:\/\/api.w.org\/{rel}","templated":true}]}}