{"id":7783,"date":"2023-05-30T11:02:02","date_gmt":"2023-05-30T11:02:02","guid":{"rendered":"https:\/\/thisactingcoach.com\/?post_type=product&#038;p=7783"},"modified":"2023-12-30T23:41:29","modified_gmt":"2023-12-30T23:41:29","slug":"private-classes","status":"publish","type":"product","link":"https:\/\/thisactingcoach.com\/es\/private-classes\/","title":{"rendered":"CLASES PRIVADAS"},"content":{"rendered":"","protected":false},"excerpt":{"rendered":"<p>Tanto si eres principiante como si deseas llevar tu interpretaci\u00f3n al siguiente nivel, This Acting Coach pone a tu disposici\u00f3n todo el conocimiento adquirido durante 30 a\u00f1os de trabajo en diferentes pa\u00edses. Aprender\u00e1s valiosas herramientas de diferentes t\u00e9cnicas interpretativas. Javier ha encontrado una verdadera vocaci\u00f3n en la docencia y ve como un privilegio el prestar dicho servicio.<\/p>","protected":false},"featured_media":7715,"template":"","meta":[],"product_brand":[],"product_cat":[160],"product_tag":[],"class_list":{"0":"post-7783","1":"product","2":"type-product","3":"status-publish","4":"has-post-thumbnail","6":"product_cat-private-coaching","8":"first","9":"instock","10":"shipping-taxable","11":"purchasable","12":"product-type-variable"},"_links":{"self":[{"href":"https:\/\/thisactingcoach.com\/es\/wp-json\/wp\/v2\/product\/7783","targetHints":{"allow":["GET"]}}],"collection":[{"href":"https:\/\/thisactingcoach.com\/es\/wp-json\/wp\/v2\/product"}],"about":[{"href":"https:\/\/thisactingcoach.com\/es\/wp-json\/wp\/v2\/types\/product"}],"wp:featuredmedia":[{"embeddable":true,"href":"https:\/\/thisactingcoach.com\/es\/wp-json\/wp\/v2\/media\/7715"}],"wp:attachment":[{"href":"https:\/\/thisactingcoach.com\/es\/wp-json\/wp\/v2\/media?parent=7783"}],"wp:term":[{"taxonomy":"product_brand","embeddable":true,"href":"https:\/\/thisactingcoach.com\/es\/wp-json\/wp\/v2\/product_brand?post=7783"},{"taxonomy":"product_cat","embeddable":true,"href":"https:\/\/thisactingcoach.com\/es\/wp-json\/wp\/v2\/product_cat?post=7783"},{"taxonomy":"product_tag","embeddable":true,"href":"https:\/\/thisactingcoach.com\/es\/wp-json\/wp\/v2\/product_tag?post=7783"}],"curies":[{"name":"wp","href":"https:\/\/api.w.org\/{rel}","templated":true}]}}