{"id":7790,"date":"2023-05-30T11:03:29","date_gmt":"2023-05-30T11:03:29","guid":{"rendered":"https:\/\/thisactingcoach.com\/?post_type=product&#038;p=7790"},"modified":"2023-12-30T23:44:11","modified_gmt":"2023-12-30T23:44:11","slug":"accent-reduction","status":"publish","type":"product","link":"https:\/\/thisactingcoach.com\/es\/accent-reduction\/","title":{"rendered":"REDUCCI\u00d3N DE ACENTO"},"content":{"rendered":"","protected":false},"excerpt":{"rendered":"<p>This Acting Coach ayuda a actores de todo el mundo de acuerdo a sus necesidades concretas. Tanto en ingl\u00e9s con en espa\u00f1ol, Javier te ayudar\u00e1 a reducir tu acento identificando sonidos espec\u00edficos que necesites mejorar. Trabajar\u00e1s en dicci\u00f3n, fluidez y musicalidad. En la mayor\u00eda de los casos, no has de perder completamente tu propio acento pero s\u00ed has de hablar claramente y sonar completamente natural.<\/p>","protected":false},"featured_media":1058,"template":"","meta":[],"product_brand":[],"product_cat":[160],"product_tag":[],"class_list":{"0":"post-7790","1":"product","2":"type-product","3":"status-publish","4":"has-post-thumbnail","6":"product_cat-private-coaching","8":"first","9":"instock","10":"shipping-taxable","11":"purchasable","12":"product-type-variable"},"_links":{"self":[{"href":"https:\/\/thisactingcoach.com\/es\/wp-json\/wp\/v2\/product\/7790","targetHints":{"allow":["GET"]}}],"collection":[{"href":"https:\/\/thisactingcoach.com\/es\/wp-json\/wp\/v2\/product"}],"about":[{"href":"https:\/\/thisactingcoach.com\/es\/wp-json\/wp\/v2\/types\/product"}],"wp:featuredmedia":[{"embeddable":true,"href":"https:\/\/thisactingcoach.com\/es\/wp-json\/wp\/v2\/media\/1058"}],"wp:attachment":[{"href":"https:\/\/thisactingcoach.com\/es\/wp-json\/wp\/v2\/media?parent=7790"}],"wp:term":[{"taxonomy":"product_brand","embeddable":true,"href":"https:\/\/thisactingcoach.com\/es\/wp-json\/wp\/v2\/product_brand?post=7790"},{"taxonomy":"product_cat","embeddable":true,"href":"https:\/\/thisactingcoach.com\/es\/wp-json\/wp\/v2\/product_cat?post=7790"},{"taxonomy":"product_tag","embeddable":true,"href":"https:\/\/thisactingcoach.com\/es\/wp-json\/wp\/v2\/product_tag?post=7790"}],"curies":[{"name":"wp","href":"https:\/\/api.w.org\/{rel}","templated":true}]}}